{"id":12,"date":"2019-03-09T18:56:46","date_gmt":"2019-03-09T18:56:46","guid":{"rendered":"http:\/\/jung.investments\/?page_id=12"},"modified":"2019-03-09T19:13:50","modified_gmt":"2019-03-09T19:13:50","slug":"impressum","status":"publish","type":"page","link":"https:\/\/jung.investments\/?page_id=12","title":{"rendered":"IMPRESSUM"},"content":{"rendered":"\n<p>Angaben gem\u00e4\u00df \u00a7 5 TMG<br><\/p>\n\n\n\n<p>JUNG.INV GmbH<br>Amselweg 2<br>DE 50181 Bedburg<br>Fon +49 (0)2272 \/ 999 9383<br>E-Mail:&nbsp;vj@jung.investments<br><\/p>\n\n\n\n<p>Gesch\u00e4ftsf\u00fchrer: Volker K. G. Jung<\/p>\n\n\n\n<p>Amtsgericht K\u00f6ln HRB 95738<br>USt-ID. noch nicht bekannt<\/p>\n\n\n\n<p>Quellenangaben zu den verwendeten Bildern und Grafiken:<br>Fotolia \/ Adobe Stock<br>WordPress<\/p>\n\n\n\n<p><strong>Haftungsausschluss<\/strong><br>Die Zusammenstellung der Informationen erfolgte mit der gebotenen Sorgfalt. Gleichwohl \u00fcbernehmen wir keinerlei Haftung, aus welchem Rechtsgrund auch immer, f\u00fcr die Richtigkeit, Aktualit\u00e4t und Vollst\u00e4ndigkeit der \u00fcbermittelten Informationen. Diese Internetseite enth\u00e4lt Verweise auf Internetseiten, die von Dritten eingerichtet wurden. Die JUNG.INV GmbH hat keinerlei Kontrolle \u00fcber die Internetseiten und die dort angebotenen Informationen, Waren oder Dienstleistungen. Die JUNG.INV GmbH \u00fcbernimmt daher keinerlei Verantwortung, aus welchem Rechtsgrund auch immer, f\u00fcr den Inhalt der Internetseiten Dritter. Das Herstellen einer Verbindung zu diesen Internetseiten geschieht auf eigene Gefahr des Benutzers. Die JUNG.INV GmbH beh\u00e4lt sich das Recht vor, die auf dieser Internetseite angebotenen Informationen, Produkte oder Dienstleistungen ohne gesonderte Ank\u00fcndigung jederzeit zu ver\u00e4ndern oder zu aktualisieren. F\u00fcr gegebenenfalls bestehende oder k\u00fcnftig entstehende Rechtsverh\u00e4ltnisse ist ausschlie\u00dflich deutsches Recht anwendbar und sind nur deutsche Gerichte zust\u00e4ndig.<\/p>\n\n\n\n<p><a href=\"http:\/\/jung.investments\/?page_id=14\">Zur Datenschutzerkl\u00e4rung<\/a><\/p>\n","protected":false},"excerpt":{"rendered":"<p>Angaben gem\u00e4\u00df \u00a7 5 TMG JUNG.INV GmbHAmselweg 2DE 50181 BedburgFon +49 (0)2272 \/ 999 9383E-Mail:&nbsp;vj@jung.investments Gesch\u00e4ftsf\u00fchrer: Volker K. G. Jung Amtsgericht K\u00f6ln HRB 95738USt-ID. noch nicht bekannt Quellenangaben zu den verwendeten Bildern und Grafiken:Fotolia \/ Adobe StockWordPress HaftungsausschlussDie Zusammenstellung der Informationen erfolgte mit der gebotenen Sorgfalt. Gleichwohl \u00fcbernehmen wir keinerlei Haftung, aus welchem Rechtsgrund auch &hellip; <\/p>\n<p class=\"link-more\"><a href=\"https:\/\/jung.investments\/?page_id=12\" class=\"more-link\"><span class=\"screen-reader-text\">\u201eIMPRESSUM\u201c<\/span> weiterlesen<\/a><\/p>\n","protected":false},"author":2,"featured_media":0,"parent":0,"menu_order":0,"comment_status":"closed","ping_status":"closed","template":"","meta":[],"_links":{"self":[{"href":"https:\/\/jung.investments\/index.php?rest_route=\/wp\/v2\/pages\/12"}],"collection":[{"href":"https:\/\/jung.investments\/index.php?rest_route=\/wp\/v2\/pages"}],"about":[{"href":"https:\/\/jung.investments\/index.php?rest_route=\/wp\/v2\/types\/page"}],"author":[{"embeddable":true,"href":"https:\/\/jung.investments\/index.php?rest_route=\/wp\/v2\/users\/2"}],"replies":[{"embeddable":true,"href":"https:\/\/jung.investments\/index.php?rest_route=%2Fwp%2Fv2%2Fcomments&post=12"}],"version-history":[{"count":4,"href":"https:\/\/jung.investments\/index.php?rest_route=\/wp\/v2\/pages\/12\/revisions"}],"predecessor-version":[{"id":27,"href":"https:\/\/jung.investments\/index.php?rest_route=\/wp\/v2\/pages\/12\/revisions\/27"}],"wp:attachment":[{"href":"https:\/\/jung.investments\/index.php?rest_route=%2Fwp%2Fv2%2Fmedia&parent=12"}],"curies":[{"name":"wp","href":"https:\/\/api.w.org\/{rel}","templated":true}]}}